{"id":102,"date":"2024-02-16T09:11:59","date_gmt":"2024-02-16T09:11:59","guid":{"rendered":"https:\/\/farnoso.pt\/wp\/?page_id=102"},"modified":"2024-02-17T14:04:49","modified_gmt":"2024-02-17T14:04:49","slug":"sobre-nos","status":"publish","type":"page","link":"https:\/\/farnoso.pt\/wp\/sobre-nos\/","title":{"rendered":"Sobre N\u00f3s"},"content":{"rendered":"\n<div class=\"wp-block-columns is-layout-flex wp-container-core-columns-is-layout-9d6595d7 wp-block-columns-is-layout-flex\">\n<div class=\"wp-block-column is-layout-flow wp-block-column-is-layout-flow\">\n<p>A Funer\u00e1ria de Arnoso, com mais de um s\u00e9culo de tradi\u00e7\u00e3o, \u00e9 uma refer\u00eancia na zona abrangente dos concelhos de Vila Nova de Famalic\u00e3o, Barcelos e Braga. Oferecemos uma vasta gama de servi\u00e7os relacionados com a \u00e1rea f\u00fanebre, incluindo inuma\u00e7\u00f5es, crema\u00e7\u00f5es, translada\u00e7\u00f5es e um servi\u00e7o completo de florista. Estamos dispon\u00edveis para atender qualquer outra necessidade espec\u00edfica na \u00e1rea funer\u00e1ria que nos seja solicitada.<\/p>\n\n\n\n<p>Oferecemos assist\u00eancia 24 horas por dia, garantindo assim um servi\u00e7o de qualidade e apoio cont\u00ednuo aos nossos clientes nos momentos mais dif\u00edceis.<\/p>\n\n\n<div class=\"wp-block-image\">\n<figure class=\"aligncenter size-large is-resized\"><img decoding=\"async\" src=\"https:\/\/farnoso.pt\/wp\/wp-content\/uploads\/2024\/02\/farnoso-878x1024.png\" alt=\"\" class=\"wp-image-140\" width=\"500\" srcset=\"https:\/\/farnoso.pt\/wp\/wp-content\/uploads\/2024\/02\/farnoso-878x1024.png 878w, https:\/\/farnoso.pt\/wp\/wp-content\/uploads\/2024\/02\/farnoso-257x300.png 257w, https:\/\/farnoso.pt\/wp\/wp-content\/uploads\/2024\/02\/farnoso-768x896.png 768w, https:\/\/farnoso.pt\/wp\/wp-content\/uploads\/2024\/02\/farnoso-1316x1536.png 1316w, https:\/\/farnoso.pt\/wp\/wp-content\/uploads\/2024\/02\/farnoso-1140x1330.png 1140w, https:\/\/farnoso.pt\/wp\/wp-content\/uploads\/2024\/02\/farnoso.png 1343w\" sizes=\"(max-width: 878px) 100vw, 878px\" \/><\/figure><\/div><\/div>\n<\/div>\n","protected":false},"excerpt":{"rendered":"<p>A Funer\u00e1ria de Arnoso, com mais de um s\u00e9culo de tradi\u00e7\u00e3o, \u00e9 uma refer\u00eancia na zona abrangente dos concelhos de Vila Nova de Famalic\u00e3o, Barcelos e Braga. Oferecemos uma vasta gama de servi\u00e7os relacionados com a \u00e1rea f\u00fanebre, incluindo inuma\u00e7\u00f5es, crema\u00e7\u00f5es, translada\u00e7\u00f5es e um servi\u00e7o completo de florista. Estamos dispon\u00edveis para atender qualquer outra necessidade espec\u00edfica na \u00e1rea funer\u00e1ria que nos seja solicitada. Oferecemos assist\u00eancia 24 horas por dia, garantindo assim um servi\u00e7o de qualidade e apoio cont\u00ednuo aos nossos clientes nos momentos mais dif\u00edceis.<\/p>\n","protected":false},"author":1,"featured_media":0,"parent":0,"menu_order":0,"comment_status":"closed","ping_status":"closed","template":"","meta":{"footnotes":""},"class_list":["post-102","page","type-page","status-publish","hentry"],"_links":{"self":[{"href":"https:\/\/farnoso.pt\/wp\/wp-json\/wp\/v2\/pages\/102","targetHints":{"allow":["GET"]}}],"collection":[{"href":"https:\/\/farnoso.pt\/wp\/wp-json\/wp\/v2\/pages"}],"about":[{"href":"https:\/\/farnoso.pt\/wp\/wp-json\/wp\/v2\/types\/page"}],"author":[{"embeddable":true,"href":"https:\/\/farnoso.pt\/wp\/wp-json\/wp\/v2\/users\/1"}],"replies":[{"embeddable":true,"href":"https:\/\/farnoso.pt\/wp\/wp-json\/wp\/v2\/comments?post=102"}],"version-history":[{"count":2,"href":"https:\/\/farnoso.pt\/wp\/wp-json\/wp\/v2\/pages\/102\/revisions"}],"predecessor-version":[{"id":141,"href":"https:\/\/farnoso.pt\/wp\/wp-json\/wp\/v2\/pages\/102\/revisions\/141"}],"wp:attachment":[{"href":"https:\/\/farnoso.pt\/wp\/wp-json\/wp\/v2\/media?parent=102"}],"curies":[{"name":"wp","href":"https:\/\/api.w.org\/{rel}","templated":true}]}}